{"id":130,"date":"2023-06-21T08:47:15","date_gmt":"2023-06-21T08:47:15","guid":{"rendered":"https:\/\/emconsultores.es\/?page_id=130"},"modified":"2023-06-21T09:09:40","modified_gmt":"2023-06-21T09:09:40","slug":"130-2","status":"publish","type":"page","link":"https:\/\/emconsultores.es\/index.php\/130-2\/","title":{"rendered":"Aviso Legal"},"content":{"rendered":"<p>[et_pb_section fb_built=\u00bb1&#8243; _builder_version=\u00bb4.21.0&#8243; _module_preset=\u00bbdefault\u00bb global_colors_info=\u00bb{}\u00bb][et_pb_row _builder_version=\u00bb4.21.0&#8243; _module_preset=\u00bbdefault\u00bb global_colors_info=\u00bb{}\u00bb][et_pb_column type=\u00bb4_4&#8243; _builder_version=\u00bb4.21.0&#8243; _module_preset=\u00bbdefault\u00bb global_colors_info=\u00bb{}\u00bb][et_pb_text _builder_version=\u00bb4.21.0&#8243; _module_preset=\u00bbdefault\u00bb global_colors_info=\u00bb{}\u00bb]<\/p>\n<p><strong><u>AVISO LEGAL<\/u><\/strong><\/p>\n<p>Responsable de la web: Eugenio A. Martin &#8211; Fernando el Cat\u00f3lico 15, 28015 &#8211; Madrid. Tfno: 649235496<\/p>\n<p><strong><u>Propiedad intelectual e industrial:<\/u><\/strong><\/p>\n<p>Todos los derechos de propiedad intelectual e industrial de este sitio web y de los elementos contenidos en el mismo, incluyendo, pero no limitado a, textos, im\u00e1genes, dise\u00f1os, gr\u00e1ficos, logotipos, iconos, software, etc., est\u00e1n protegidos por las leyes nacionales e internacionales de propiedad intelectual e industrial. Queda estrictamente prohibida su reproducci\u00f3n, distribuci\u00f3n, comunicaci\u00f3n p\u00fablica, transformaci\u00f3n o cualquier otra actividad que se pueda realizar con los contenidos de este sitio web, salvo consentimiento expreso por escrito del titular de los derechos.<\/p>\n<p><strong><u>Responsabilidad:<\/u><\/strong><\/p>\n<p>El titular de esta web no se hace responsable de los da\u00f1os y perjuicios que se puedan derivar del uso de los contenidos proporcionados en el sitio web. Asimismo, no se garantiza la disponibilidad, continuidad o infalibilidad del funcionamiento del sitio web, y el titular se reserva el derecho a modificar, suspender o interrumpir el sitio web o sus servicios en cualquier momento y sin previo aviso.<\/p>\n<p><strong><u>Enlaces externos:<\/u><\/strong><\/p>\n<p>Este sitio web puede incluir enlaces a sitios web de terceros. El titular de esta web no asume ninguna responsabilidad por el contenido, exactitud o cualquier otro aspecto relacionado con dichos sitios web.<\/p>\n<p>Protecci\u00f3n de datos personales:<\/p>\n<p>Los datos personales proporcionados a trav\u00e9s de este sitio web se tratar\u00e1n de acuerdo con nuestra Pol\u00edtica de Privacidad, que puedes consultar en el siguiente enlace:<\/p>\n<p><strong><u>Legislaci\u00f3n aplicable y jurisdicci\u00f3n:<\/u><\/strong><\/p>\n<p>Estas condiciones legales se rigen por la legislaci\u00f3n espa\u00f1ola. Cualquier controversia que pueda surgir en relaci\u00f3n con este sitio web se someter\u00e1 a la jurisdicci\u00f3n exclusiva de los tribunales de Madrid.<\/p>\n<p>[\/et_pb_text][\/et_pb_column][\/et_pb_row][\/et_pb_section]<\/p>\n","protected":false},"excerpt":{"rendered":"<p>AVISO LEGAL Responsable de la web: Eugenio A. Martin &#8211; Fernando el Cat\u00f3lico 15, 28015 &#8211; Madrid. Tfno: 649235496 Propiedad intelectual e industrial: Todos los derechos de propiedad intelectual e industrial de este sitio web y de los elementos contenidos en el mismo, incluyendo, pero no limitado a, textos, im\u00e1genes, dise\u00f1os, gr\u00e1ficos, logotipos, iconos, software, [&hellip;]<\/p>\n","protected":false},"author":1,"featured_media":0,"parent":0,"menu_order":0,"comment_status":"closed","ping_status":"closed","template":"page-template-blank.php","meta":{"_et_pb_use_builder":"on","_et_pb_old_content":"","_et_gb_content_width":"","footnotes":""},"class_list":["post-130","page","type-page","status-publish","hentry"],"_links":{"self":[{"href":"https:\/\/emconsultores.es\/index.php\/wp-json\/wp\/v2\/pages\/130","targetHints":{"allow":["GET"]}}],"collection":[{"href":"https:\/\/emconsultores.es\/index.php\/wp-json\/wp\/v2\/pages"}],"about":[{"href":"https:\/\/emconsultores.es\/index.php\/wp-json\/wp\/v2\/types\/page"}],"author":[{"embeddable":true,"href":"https:\/\/emconsultores.es\/index.php\/wp-json\/wp\/v2\/users\/1"}],"replies":[{"embeddable":true,"href":"https:\/\/emconsultores.es\/index.php\/wp-json\/wp\/v2\/comments?post=130"}],"version-history":[{"count":6,"href":"https:\/\/emconsultores.es\/index.php\/wp-json\/wp\/v2\/pages\/130\/revisions"}],"predecessor-version":[{"id":152,"href":"https:\/\/emconsultores.es\/index.php\/wp-json\/wp\/v2\/pages\/130\/revisions\/152"}],"wp:attachment":[{"href":"https:\/\/emconsultores.es\/index.php\/wp-json\/wp\/v2\/media?parent=130"}],"curies":[{"name":"wp","href":"https:\/\/api.w.org\/{rel}","templated":true}]}}