{"id":139,"date":"2023-06-21T08:58:39","date_gmt":"2023-06-21T08:58:39","guid":{"rendered":"https:\/\/emconsultores.es\/?page_id=139"},"modified":"2023-06-21T09:00:37","modified_gmt":"2023-06-21T09:00:37","slug":"139-2","status":"publish","type":"page","link":"https:\/\/emconsultores.es\/index.php\/139-2\/","title":{"rendered":"Pol\u00edtica de Cookies"},"content":{"rendered":"\n[et_pb_section fb_built=\u00bb1&#8243; theme_builder_area=\u00bbpost_content\u00bb _builder_version=\u00bb4.21.0&#8243; _module_preset=\u00bbdefault\u00bb hover_enabled=\u00bb0&#8243; sticky_enabled=\u00bb0&#8243;][et_pb_row _builder_version=\u00bb4.21.0&#8243; _module_preset=\u00bbdefault\u00bb theme_builder_area=\u00bbpost_content\u00bb][et_pb_column _builder_version=\u00bb4.21.0&#8243; _module_preset=\u00bbdefault\u00bb type=\u00bb4_4&#8243; theme_builder_area=\u00bbpost_content\u00bb][et_pb_text _builder_version=\u00bb4.21.0&#8243; _module_preset=\u00bbdefault\u00bb theme_builder_area=\u00bbpost_content\u00bb hover_enabled=\u00bb0&#8243; sticky_enabled=\u00bb0&#8243;]<p><strong><u>POL\u00cdTICA DE COOKIES<\/u><\/strong><\/p>\n<p>\u00a0\u00daltima actualizaci\u00f3n: 25\/06\/2023<\/p>\n<p>\u00a0Este sitio web utiliza cookies y tecnolog\u00edas similares para mejorar tu experiencia y proporcionarte servicios personalizados. Al utilizar este sitio web, aceptas el uso de cookies de acuerdo con esta pol\u00edtica. Si no est\u00e1s de acuerdo con el uso de cookies, puedes ajustar la configuraci\u00f3n de tu navegador para rechazarlas.<\/p>\n<p>\u00a0<strong><u>\u00bfQu\u00e9 son las cookies?<\/u><\/strong><\/p>\n<p>\u00a0Las cookies son peque\u00f1os archivos de texto que se almacenan en tu dispositivo cuando visitas un sitio web. Estas cookies pueden contener informaci\u00f3n como tus preferencias de navegaci\u00f3n, configuraciones de idioma, inicio de sesi\u00f3n, etc. Las cookies pueden ser enviadas por el sitio web que est\u00e1s visitando (cookies de origen) o por terceros (cookies de terceros).<\/p>\n<p>\u00a0Tipos de cookies que utilizamos:<\/p>\n<p>\u00a0Cookies esenciales: Estas cookies son necesarias para que el sitio web funcione correctamente y te permitan navegar y utilizar sus caracter\u00edsticas y servicios.<\/p>\n<p>\u00a0Cookies de rendimiento: Estas cookies recopilan informaci\u00f3n sobre c\u00f3mo los visitantes utilizan nuestro sitio web, como las p\u00e1ginas visitadas con mayor frecuencia y los errores que pueden ocurrir. Estas cookies nos ayudan a mejorar la funcionalidad y el rendimiento de nuestro sitio web.<\/p>\n<p>\u00a0Cookies de funcionalidad: Estas cookies permiten que el sitio web recuerde las elecciones que has hecho y proporciona caracter\u00edsticas m\u00e1s personalizadas. Por ejemplo, pueden recordar tu nombre de usuario, idioma preferido o regi\u00f3n en la que te encuentras.<\/p>\n<p>\u00a0Cookies de an\u00e1lisis: Utilizamos servicios de terceros, como Google Analytics, para recopilar informaci\u00f3n sobre el uso del sitio web y realizar an\u00e1lisis estad\u00edsticos. Estas cookies nos permiten medir y analizar la forma en que los visitantes interact\u00faan con nuestro sitio web.<\/p>\n<p>\u00a0Cookies de publicidad: Estas cookies se utilizan para mostrar anuncios relevantes para ti y tus intereses. Tambi\u00e9n pueden utilizarse para limitar la cantidad de veces que ves un anuncio y ayudar a medir la efectividad de una campa\u00f1a publicitaria.<\/p>\n<p>\u00a0<strong><u>Control de cookies:<\/u><\/strong><\/p>\n<p>\u00a0Puedes ajustar la configuraci\u00f3n de tu navegador para rechazar todas las cookies o para recibir una notificaci\u00f3n cuando se env\u00ede una cookie. Ten en cuenta que al bloquear o rechazar las cookies, es posible que algunas partes de nuestro sitio web no funcionen correctamente.<\/p>\n<p>\u00a0<strong><u>Enlaces a sitios web de terceros:<\/u><\/strong><\/p>\n<p>\u00a0Nuestro sitio web puede contener enlaces a sitios web de terceros que pueden utilizar sus propias cookies y pol\u00edticas de privacidad. No nos hacemos responsables de las pr\u00e1cticas de privacidad o el contenido de dichos sitios web. Te recomendamos leer las pol\u00edticas de cookies y privacidad de esos sitios antes de proporcionar cualquier informaci\u00f3n personal.<\/p>\n<p>\u00a0<strong>Cambios a la pol\u00edtica de cookies:<\/strong><\/p>\n<p>\u00a0Nos reservamos el derecho de actualizar o modificar esta pol\u00edtica de cookies en cualquier momento. Cualquier cambio importante se notificar\u00e1 en nuestro sitio web. Te recomendamos revisar esta pol\u00edtica peri\u00f3dicamente para estar informado sobre c\u00f3mo utilizamos las cookies.<\/p>\n<p>&nbsp;<\/p>\n<p>&nbsp;<\/p>[\/et_pb_text][\/et_pb_column][\/et_pb_row][\/et_pb_section]\n","protected":false},"excerpt":{"rendered":"<p>POL\u00cdTICA DE COOKIES \u00a0\u00daltima actualizaci\u00f3n: 25\/06\/2023 \u00a0Este sitio web utiliza cookies y tecnolog\u00edas similares para mejorar tu experiencia y proporcionarte servicios personalizados. Al utilizar este sitio web, aceptas el uso de cookies de acuerdo con esta pol\u00edtica. Si no est\u00e1s de acuerdo con el uso de cookies, puedes ajustar la configuraci\u00f3n de tu navegador para [&hellip;]<\/p>\n","protected":false},"author":1,"featured_media":0,"parent":0,"menu_order":0,"comment_status":"closed","ping_status":"closed","template":"page-template-blank.php","meta":{"_et_pb_use_builder":"on","_et_pb_old_content":"","_et_gb_content_width":"","footnotes":""},"class_list":["post-139","page","type-page","status-publish","hentry"],"_links":{"self":[{"href":"https:\/\/emconsultores.es\/index.php\/wp-json\/wp\/v2\/pages\/139","targetHints":{"allow":["GET"]}}],"collection":[{"href":"https:\/\/emconsultores.es\/index.php\/wp-json\/wp\/v2\/pages"}],"about":[{"href":"https:\/\/emconsultores.es\/index.php\/wp-json\/wp\/v2\/types\/page"}],"author":[{"embeddable":true,"href":"https:\/\/emconsultores.es\/index.php\/wp-json\/wp\/v2\/users\/1"}],"replies":[{"embeddable":true,"href":"https:\/\/emconsultores.es\/index.php\/wp-json\/wp\/v2\/comments?post=139"}],"version-history":[{"count":4,"href":"https:\/\/emconsultores.es\/index.php\/wp-json\/wp\/v2\/pages\/139\/revisions"}],"predecessor-version":[{"id":143,"href":"https:\/\/emconsultores.es\/index.php\/wp-json\/wp\/v2\/pages\/139\/revisions\/143"}],"wp:attachment":[{"href":"https:\/\/emconsultores.es\/index.php\/wp-json\/wp\/v2\/media?parent=139"}],"curies":[{"name":"wp","href":"https:\/\/api.w.org\/{rel}","templated":true}]}}